{"id":26127,"date":"2016-11-14T14:06:13","date_gmt":"2016-11-14T13:06:13","guid":{"rendered":"https:\/\/abbruch2020.indermache.de\/imagebroschuere\/"},"modified":"2020-11-20T12:30:21","modified_gmt":"2020-11-20T11:30:21","slug":"imagebroschuere","status":"publish","type":"page","link":"https:\/\/www.deutscher-abbruchverband.de\/en\/verband\/imagebroschuere\/","title":{"rendered":"Image brochure"},"content":{"rendered":"<p>In der \u00d6ffentlichkeit vertritt der Deutsche Abbruchverband stellvertretend die Interessen seiner Mitglieder. Nach Innen ber\u00e4t und unterst\u00fctzt der DA seine Mitgliedsunternehmen in vielen Fragen des unternehmerischen Handelns.<\/p>\n<p>\u201eGemeinsam sind wir stark, gemeinsam k\u00f6nnen wir etwas bewegen\u201c, so formuliert Johann Ettengruber, Vorstandsvorsitzender des Deutschen Abbruchverbandes, das Credo des Verbandes.<br \/>\nEr sagt dies im Bewusstsein, dass die Abbruchbranche heute ein Industriezweig mit hohen technischen Standards und unternehmerischen Anforderungen ist. Dieses Ergebnis einer langj\u00e4hrigen Entwicklung hat der Verband ma\u00dfgeblich mitgepr\u00e4gt \u2013\u00a0ein Weg, der auch weiterhin durch den DA konsequent verfolgt werden wird.<\/p>\n<p>Jeder Fachbetrieb, der die Qualit\u00e4ts- und Leistungsma\u00dfst\u00e4be der Branche ebenfalls erweitern und st\u00e4rken m\u00f6chte, kann Mitglied des Verbandes werden. Doch eine wesentliche Voraussetzung daf\u00fcr sind konkrete, gewissenhaft festgelegte Aufnahmekriterien, die es zu erf\u00fcllen gilt. Der Nachweis wird erbracht, indem erfolgreich ein strenges Aufnahmeverfahren durchlaufen wird.<\/p>\n<p>In dieser Imagebrosch\u00fcre stellt sich der DA Ihnen vor.<\/p>\n<hr \/>\n<p>&nbsp;<\/p>\n","protected":false},"excerpt":{"rendered":"<p>In der \u00d6ffentlichkeit vertritt der Deutsche Abbruchverband stellvertretend die Interessen seiner Mitglieder. Nach Innen ber\u00e4t und unterst\u00fctzt der DA seine Mitgliedsunternehmen in vielen Fragen des unternehmerischen Handelns. \u201eGemeinsam sind wir stark, gemeinsam k\u00f6nnen wir etwas&#8230;<\/p>\n","protected":false},"author":1,"featured_media":0,"parent":26133,"menu_order":2,"comment_status":"closed","ping_status":"closed","template":"","meta":{"_acf_changed":false,"_bbp_topic_count":0,"_bbp_reply_count":0,"_bbp_total_topic_count":0,"_bbp_total_reply_count":0,"_bbp_voice_count":0,"_bbp_anonymous_reply_count":0,"_bbp_topic_count_hidden":0,"_bbp_reply_count_hidden":0,"_bbp_forum_subforum_count":0,"footnotes":""},"tags":[],"class_list":["post-26127","page","type-page","status-publish","hentry"],"acf":[],"yoast_head":"<!-- This site is optimized with the Yoast SEO plugin v27.3 - https:\/\/yoast.com\/product\/yoast-seo-wordpress\/ -->\n<title>Image brochure - Deutscher Abbruchverband e.V.<\/title>\n<meta name=\"description\" content=\"\u201eGemeinsam sind wir stark, gemeinsam k\u00f6nnen wir etwas bewegen\u201c, so das Credo des Deutschen Abbruchverbands. Download der Imagebrosch\u00fcre des DA.\" \/>\n<meta name=\"robots\" content=\"index, follow, max-snippet:-1, max-image-preview:large, max-video-preview:-1\" \/>\n<link rel=\"canonical\" href=\"https:\/\/www.deutscher-abbruchverband.de\/en\/verband\/imagebroschuere\/\" \/>\n<meta property=\"og:locale\" content=\"en_US\" \/>\n<meta property=\"og:type\" content=\"article\" \/>\n<meta property=\"og:title\" content=\"Image brochure - Deutscher Abbruchverband e.V.\" \/>\n<meta property=\"og:description\" content=\"\u201eGemeinsam sind wir stark, gemeinsam k\u00f6nnen wir etwas bewegen\u201c, so das Credo des Deutschen Abbruchverbands. Download der Imagebrosch\u00fcre des DA.\" \/>\n<meta property=\"og:url\" content=\"https:\/\/www.deutscher-abbruchverband.de\/en\/verband\/imagebroschuere\/\" \/>\n<meta property=\"og:site_name\" content=\"Deutscher Abbruchverband e.V.\" \/>\n<meta property=\"article:publisher\" content=\"https:\/\/www.facebook.com\/pg\/Deutscher-Abbruchverband-eV-163906820357873\/about\/\" \/>\n<meta property=\"article:modified_time\" content=\"2020-11-20T11:30:21+00:00\" \/>\n<meta name=\"twitter:card\" content=\"summary_large_image\" \/>\n<meta name=\"twitter:label1\" content=\"Est. reading time\" \/>\n\t<meta name=\"twitter:data1\" content=\"1 minute\" \/>\n<script type=\"application\/ld+json\" class=\"yoast-schema-graph\">{\"@context\":\"https:\\\/\\\/schema.org\",\"@graph\":[{\"@type\":\"WebPage\",\"@id\":\"https:\\\/\\\/www.deutscher-abbruchverband.de\\\/en\\\/verband\\\/imagebroschuere\\\/\",\"url\":\"https:\\\/\\\/www.deutscher-abbruchverband.de\\\/en\\\/verband\\\/imagebroschuere\\\/\",\"name\":\"Image brochure - Deutscher Abbruchverband e.V.\",\"isPartOf\":{\"@id\":\"https:\\\/\\\/www.deutscher-abbruchverband.de\\\/#website\"},\"datePublished\":\"2016-11-14T13:06:13+00:00\",\"dateModified\":\"2020-11-20T11:30:21+00:00\",\"description\":\"\u201eGemeinsam sind wir stark, gemeinsam k\u00f6nnen wir etwas bewegen\u201c, so das Credo des Deutschen Abbruchverbands. Download der Imagebrosch\u00fcre des DA.\",\"breadcrumb\":{\"@id\":\"https:\\\/\\\/www.deutscher-abbruchverband.de\\\/en\\\/verband\\\/imagebroschuere\\\/#breadcrumb\"},\"inLanguage\":\"en-US\",\"potentialAction\":[{\"@type\":\"ReadAction\",\"target\":[\"https:\\\/\\\/www.deutscher-abbruchverband.de\\\/en\\\/verband\\\/imagebroschuere\\\/\"]}]},{\"@type\":\"BreadcrumbList\",\"@id\":\"https:\\\/\\\/www.deutscher-abbruchverband.de\\\/en\\\/verband\\\/imagebroschuere\\\/#breadcrumb\",\"itemListElement\":[{\"@type\":\"ListItem\",\"position\":1,\"name\":\"Home\",\"item\":\"https:\\\/\\\/www.deutscher-abbruchverband.de\\\/en\\\/\"},{\"@type\":\"ListItem\",\"position\":2,\"name\":\"Association\",\"item\":\"https:\\\/\\\/www.deutscher-abbruchverband.de\\\/en\\\/verband\\\/\"},{\"@type\":\"ListItem\",\"position\":3,\"name\":\"Image brochure\"}]},{\"@type\":\"WebSite\",\"@id\":\"https:\\\/\\\/www.deutscher-abbruchverband.de\\\/#website\",\"url\":\"https:\\\/\\\/www.deutscher-abbruchverband.de\\\/\",\"name\":\"Deutscher Abbruchverband e.V.\",\"description\":\"Oberl\u00e4nder Ufer 180 - 182  50968 K\u00f6ln\",\"potentialAction\":[{\"@type\":\"SearchAction\",\"target\":{\"@type\":\"EntryPoint\",\"urlTemplate\":\"https:\\\/\\\/www.deutscher-abbruchverband.de\\\/?s={search_term_string}\"},\"query-input\":{\"@type\":\"PropertyValueSpecification\",\"valueRequired\":true,\"valueName\":\"search_term_string\"}}],\"inLanguage\":\"en-US\"}]}<\/script>\n<!-- \/ Yoast SEO plugin. -->","yoast_head_json":{"title":"Image brochure - Deutscher Abbruchverband e.V.","description":"\u201eGemeinsam sind wir stark, gemeinsam k\u00f6nnen wir etwas bewegen\u201c, so das Credo des Deutschen Abbruchverbands. Download der Imagebrosch\u00fcre des DA.","robots":{"index":"index","follow":"follow","max-snippet":"max-snippet:-1","max-image-preview":"max-image-preview:large","max-video-preview":"max-video-preview:-1"},"canonical":"https:\/\/www.deutscher-abbruchverband.de\/en\/verband\/imagebroschuere\/","og_locale":"en_US","og_type":"article","og_title":"Image brochure - Deutscher Abbruchverband e.V.","og_description":"\u201eGemeinsam sind wir stark, gemeinsam k\u00f6nnen wir etwas bewegen\u201c, so das Credo des Deutschen Abbruchverbands. Download der Imagebrosch\u00fcre des DA.","og_url":"https:\/\/www.deutscher-abbruchverband.de\/en\/verband\/imagebroschuere\/","og_site_name":"Deutscher Abbruchverband e.V.","article_publisher":"https:\/\/www.facebook.com\/pg\/Deutscher-Abbruchverband-eV-163906820357873\/about\/","article_modified_time":"2020-11-20T11:30:21+00:00","twitter_card":"summary_large_image","twitter_misc":{"Est. reading time":"1 minute"},"schema":{"@context":"https:\/\/schema.org","@graph":[{"@type":"WebPage","@id":"https:\/\/www.deutscher-abbruchverband.de\/en\/verband\/imagebroschuere\/","url":"https:\/\/www.deutscher-abbruchverband.de\/en\/verband\/imagebroschuere\/","name":"Image brochure - Deutscher Abbruchverband e.V.","isPartOf":{"@id":"https:\/\/www.deutscher-abbruchverband.de\/#website"},"datePublished":"2016-11-14T13:06:13+00:00","dateModified":"2020-11-20T11:30:21+00:00","description":"\u201eGemeinsam sind wir stark, gemeinsam k\u00f6nnen wir etwas bewegen\u201c, so das Credo des Deutschen Abbruchverbands. Download der Imagebrosch\u00fcre des DA.","breadcrumb":{"@id":"https:\/\/www.deutscher-abbruchverband.de\/en\/verband\/imagebroschuere\/#breadcrumb"},"inLanguage":"en-US","potentialAction":[{"@type":"ReadAction","target":["https:\/\/www.deutscher-abbruchverband.de\/en\/verband\/imagebroschuere\/"]}]},{"@type":"BreadcrumbList","@id":"https:\/\/www.deutscher-abbruchverband.de\/en\/verband\/imagebroschuere\/#breadcrumb","itemListElement":[{"@type":"ListItem","position":1,"name":"Home","item":"https:\/\/www.deutscher-abbruchverband.de\/en\/"},{"@type":"ListItem","position":2,"name":"Association","item":"https:\/\/www.deutscher-abbruchverband.de\/en\/verband\/"},{"@type":"ListItem","position":3,"name":"Image brochure"}]},{"@type":"WebSite","@id":"https:\/\/www.deutscher-abbruchverband.de\/#website","url":"https:\/\/www.deutscher-abbruchverband.de\/","name":"Deutscher Abbruchverband e.V.","description":"Oberl\u00e4nder Ufer 180 - 182  50968 K\u00f6ln","potentialAction":[{"@type":"SearchAction","target":{"@type":"EntryPoint","urlTemplate":"https:\/\/www.deutscher-abbruchverband.de\/?s={search_term_string}"},"query-input":{"@type":"PropertyValueSpecification","valueRequired":true,"valueName":"search_term_string"}}],"inLanguage":"en-US"}]}},"_links":{"self":[{"href":"https:\/\/www.deutscher-abbruchverband.de\/en\/wp-json\/wp\/v2\/pages\/26127","targetHints":{"allow":["GET"]}}],"collection":[{"href":"https:\/\/www.deutscher-abbruchverband.de\/en\/wp-json\/wp\/v2\/pages"}],"about":[{"href":"https:\/\/www.deutscher-abbruchverband.de\/en\/wp-json\/wp\/v2\/types\/page"}],"author":[{"embeddable":true,"href":"https:\/\/www.deutscher-abbruchverband.de\/en\/wp-json\/wp\/v2\/users\/1"}],"replies":[{"embeddable":true,"href":"https:\/\/www.deutscher-abbruchverband.de\/en\/wp-json\/wp\/v2\/comments?post=26127"}],"version-history":[{"count":1,"href":"https:\/\/www.deutscher-abbruchverband.de\/en\/wp-json\/wp\/v2\/pages\/26127\/revisions"}],"predecessor-version":[{"id":26128,"href":"https:\/\/www.deutscher-abbruchverband.de\/en\/wp-json\/wp\/v2\/pages\/26127\/revisions\/26128"}],"up":[{"embeddable":true,"href":"https:\/\/www.deutscher-abbruchverband.de\/en\/wp-json\/wp\/v2\/pages\/26133"}],"wp:attachment":[{"href":"https:\/\/www.deutscher-abbruchverband.de\/en\/wp-json\/wp\/v2\/media?parent=26127"}],"wp:term":[{"taxonomy":"post_tag","embeddable":true,"href":"https:\/\/www.deutscher-abbruchverband.de\/en\/wp-json\/wp\/v2\/tags?post=26127"}],"curies":[{"name":"wp","href":"https:\/\/api.w.org\/{rel}","templated":true}]}}