{"id":29202,"date":"2016-11-14T14:05:51","date_gmt":"2016-11-14T13:05:51","guid":{"rendered":"https:\/\/abbruch2020.indermache.de\/verband\/ueber-uns\/verbandsportrait-und-geschichte\/"},"modified":"2025-04-02T10:50:26","modified_gmt":"2025-04-02T08:50:26","slug":"verbandsportrait-und-geschichte","status":"publish","type":"page","link":"https:\/\/www.deutscher-abbruchverband.de\/en\/verband\/verbandsportrait-und-geschichte\/","title":{"rendered":"Profile and history of the association"},"content":{"rendered":"<h2><img loading=\"lazy\" decoding=\"async\" class=\"wp-image-27326 alignright\" src=\"https:\/\/abbruch2020.indermache.de\/wp-content\/uploads\/2016\/11\/DA-Fahne-265x318.png\" alt=\"\" width=\"258\" height=\"310\" srcset=\"https:\/\/www.deutscher-abbruchverband.de\/wp-content\/uploads\/2016\/11\/DA-Fahne-265x318.png 265w, https:\/\/www.deutscher-abbruchverband.de\/wp-content\/uploads\/2016\/11\/DA-Fahne-200x240.png 200w, https:\/\/www.deutscher-abbruchverband.de\/wp-content\/uploads\/2016\/11\/DA-Fahne.png 380w\" sizes=\"auto, (max-width: 258px) 100vw, 258px\" \/><\/h2>\n<p>The Deutscher Abbruchverband (DA), German Demolition Association, is the most important economic and entrepreneurs association of the demolition sector since 1951 and is the largest national association of the demolition sector in Europe with head office in Cologne.<\/p>\n<p>Its roots reach back to the year 1902, when the &#8220;Association of demolition and deep mining companies, Cologne and Surroundings&#8221; was founded. After the Second World War at first the &#8220;Interest group of German scrap economy and the industrial demolition and scraping companies&#8221; came into existence, from which the German Demolition Association originated on September 20, 1951.<\/p>\n<p>He represents predominantly medium-sized companies from the areas of building and industrial demolition, mineral construction waste recycling and pollutant clean up. Our members are not only the suppliers of the construction and demolition waste, which has to be recycled, but also create new land by demolishing \/ dismantling buildings.<\/p>\n<p>As a result, economic cycles can be closed and landfill areas and natural resources can even be protected. Sponsoring members of manufacturers, engineering offices and universities round off the members.<\/p>\n<h2>The DA controls the sector<\/h2>\n<p>Based on new legal regulations and social boundary conditions, the demolition sector and the demolition technology have changed fundamentally in the past 25 years. The German Demolition Association has essentially accompanied and driven forward this development of the demolition sector to a highly technological and qualitatively very demanding economic sector.<\/p>\n<p>The association takes over the interest representation of the entire sector by establishing contacts with the ministries and authorities. The DA forces the technological enhancement of the sector by continually examining the changing technical standards and legal matters. It also takes care of enhancing the technical quality of the employees e.g. by creating the skilled occupation &#8220;Building mechanic for demolition and concrete cutting technique&#8221; and the development of varied further training seminars. By publishing the technical magazine &#8220;ABBRUCH aktuell&#8221;, it informs the public about the diversity ans latest developments of the demolition sector. At the European level, the DA exercises influence by participating in the European Demolition Association EDA.<\/p>\n<p>In this way, the DA controls the sector and acts as a driving force and consultant for its member companies.<\/p>\n<h2>The DA offers the sector a broad platform for exchange<\/h2>\n<p>The structuring of the German Demolition Association in individual regional associations, professional committees and work groups, which meet regularly, gives the members an opportunity of discussing the latest topics and questions, which are going around in the sector, with the other experts. Apart from this, the annual congress and the general meeting of members also offer an additional platform for a comprehensive exchange at the Federal level.<\/p>\n<p>Regardless of whether they are members or not, all persons interested in demolition can participate in the &#8220;FACHTAGUNG ABBRUCH&#8221; organized every year by DA in Berlin. This demolition conference (2025: more than 1.200 participants and 114 exhibitors) has become the largest meeting place of the demolition sector in Europe in the course of the years. Experienced speakers from the industry give information here about all important topics regarding demolition in up to 15 lectures in a day and the accompanying exhibition gives the visitors an opportunity to get extensive information about the innovations (<a href=\"http:\/\/www.fachtagung-abbruch.de\/?lang=en\" target=\"_blank\" rel=\"noopener noreferrer\">www.demolition-conference.com<\/a>)<\/p>\n","protected":false},"excerpt":{"rendered":"<p>The Deutscher Abbruchverband (DA), German Demolition Association, is the most important economic and entrepreneurs association of the demolition sector since 1951 and is the largest national association of the demolition sector in Europe with head&#8230;<\/p>\n","protected":false},"author":1,"featured_media":0,"parent":26133,"menu_order":0,"comment_status":"closed","ping_status":"closed","template":"","meta":{"_acf_changed":false,"_bbp_topic_count":0,"_bbp_reply_count":0,"_bbp_total_topic_count":0,"_bbp_total_reply_count":0,"_bbp_voice_count":0,"_bbp_anonymous_reply_count":0,"_bbp_topic_count_hidden":0,"_bbp_reply_count_hidden":0,"_bbp_forum_subforum_count":0,"footnotes":""},"tags":[],"class_list":["post-29202","page","type-page","status-publish","hentry"],"acf":[],"yoast_head":"<!-- This site is optimized with the Yoast SEO plugin v27.3 - https:\/\/yoast.com\/product\/yoast-seo-wordpress\/ -->\n<title>Profile and history of the association - Deutscher Abbruchverband e.V.<\/title>\n<meta name=\"description\" content=\"Ma\u00dfgeblicher Wirtschafts- und Unternehmerverband der Abbruchbranche mit Sitz in K\u00f6ln. \u00dcber 600 Mitglieder aus den Branchen Abbruch, Recycling und Sanierung.\" \/>\n<meta name=\"robots\" content=\"index, follow, max-snippet:-1, max-image-preview:large, max-video-preview:-1\" \/>\n<link rel=\"canonical\" href=\"https:\/\/www.deutscher-abbruchverband.de\/en\/verband\/verbandsportrait-und-geschichte\/\" \/>\n<meta property=\"og:locale\" content=\"en_US\" \/>\n<meta property=\"og:type\" content=\"article\" \/>\n<meta property=\"og:title\" content=\"Profile and history of the association - Deutscher Abbruchverband e.V.\" \/>\n<meta property=\"og:description\" content=\"Ma\u00dfgeblicher Wirtschafts- und Unternehmerverband der Abbruchbranche mit Sitz in K\u00f6ln. \u00dcber 600 Mitglieder aus den Branchen Abbruch, Recycling und Sanierung.\" \/>\n<meta property=\"og:url\" content=\"https:\/\/www.deutscher-abbruchverband.de\/en\/verband\/verbandsportrait-und-geschichte\/\" \/>\n<meta property=\"og:site_name\" content=\"Deutscher Abbruchverband e.V.\" \/>\n<meta property=\"article:publisher\" content=\"https:\/\/www.facebook.com\/pg\/Deutscher-Abbruchverband-eV-163906820357873\/about\/\" \/>\n<meta property=\"article:modified_time\" content=\"2025-04-02T08:50:26+00:00\" \/>\n<meta property=\"og:image\" content=\"https:\/\/www.deutscher-abbruchverband.de\/wp-content\/uploads\/2016\/11\/DA-Fahne.png\" \/>\n\t<meta property=\"og:image:width\" content=\"380\" \/>\n\t<meta property=\"og:image:height\" content=\"456\" \/>\n\t<meta property=\"og:image:type\" content=\"image\/png\" \/>\n<meta name=\"twitter:card\" content=\"summary_large_image\" \/>\n<meta name=\"twitter:label1\" content=\"Est. reading time\" \/>\n\t<meta name=\"twitter:data1\" content=\"3 minutes\" \/>\n<script type=\"application\/ld+json\" class=\"yoast-schema-graph\">{\"@context\":\"https:\\\/\\\/schema.org\",\"@graph\":[{\"@type\":\"WebPage\",\"@id\":\"https:\\\/\\\/www.deutscher-abbruchverband.de\\\/en\\\/verband\\\/verbandsportrait-und-geschichte\\\/\",\"url\":\"https:\\\/\\\/www.deutscher-abbruchverband.de\\\/en\\\/verband\\\/verbandsportrait-und-geschichte\\\/\",\"name\":\"Profile and history of the association - Deutscher Abbruchverband e.V.\",\"isPartOf\":{\"@id\":\"https:\\\/\\\/www.deutscher-abbruchverband.de\\\/#website\"},\"primaryImageOfPage\":{\"@id\":\"https:\\\/\\\/www.deutscher-abbruchverband.de\\\/en\\\/verband\\\/verbandsportrait-und-geschichte\\\/#primaryimage\"},\"image\":{\"@id\":\"https:\\\/\\\/www.deutscher-abbruchverband.de\\\/en\\\/verband\\\/verbandsportrait-und-geschichte\\\/#primaryimage\"},\"thumbnailUrl\":\"https:\\\/\\\/abbruch2020.indermache.de\\\/wp-content\\\/uploads\\\/2016\\\/11\\\/DA-Fahne-265x318.png\",\"datePublished\":\"2016-11-14T13:05:51+00:00\",\"dateModified\":\"2025-04-02T08:50:26+00:00\",\"description\":\"Ma\u00dfgeblicher Wirtschafts- und Unternehmerverband der Abbruchbranche mit Sitz in K\u00f6ln. \u00dcber 600 Mitglieder aus den Branchen Abbruch, Recycling und Sanierung.\",\"breadcrumb\":{\"@id\":\"https:\\\/\\\/www.deutscher-abbruchverband.de\\\/en\\\/verband\\\/verbandsportrait-und-geschichte\\\/#breadcrumb\"},\"inLanguage\":\"en-US\",\"potentialAction\":[{\"@type\":\"ReadAction\",\"target\":[\"https:\\\/\\\/www.deutscher-abbruchverband.de\\\/en\\\/verband\\\/verbandsportrait-und-geschichte\\\/\"]}]},{\"@type\":\"ImageObject\",\"inLanguage\":\"en-US\",\"@id\":\"https:\\\/\\\/www.deutscher-abbruchverband.de\\\/en\\\/verband\\\/verbandsportrait-und-geschichte\\\/#primaryimage\",\"url\":\"https:\\\/\\\/abbruch2020.indermache.de\\\/wp-content\\\/uploads\\\/2016\\\/11\\\/DA-Fahne-265x318.png\",\"contentUrl\":\"https:\\\/\\\/abbruch2020.indermache.de\\\/wp-content\\\/uploads\\\/2016\\\/11\\\/DA-Fahne-265x318.png\"},{\"@type\":\"BreadcrumbList\",\"@id\":\"https:\\\/\\\/www.deutscher-abbruchverband.de\\\/en\\\/verband\\\/verbandsportrait-und-geschichte\\\/#breadcrumb\",\"itemListElement\":[{\"@type\":\"ListItem\",\"position\":1,\"name\":\"Home\",\"item\":\"https:\\\/\\\/www.deutscher-abbruchverband.de\\\/en\\\/\"},{\"@type\":\"ListItem\",\"position\":2,\"name\":\"Association\",\"item\":\"https:\\\/\\\/www.deutscher-abbruchverband.de\\\/en\\\/verband\\\/\"},{\"@type\":\"ListItem\",\"position\":3,\"name\":\"Profile and history of the association\"}]},{\"@type\":\"WebSite\",\"@id\":\"https:\\\/\\\/www.deutscher-abbruchverband.de\\\/#website\",\"url\":\"https:\\\/\\\/www.deutscher-abbruchverband.de\\\/\",\"name\":\"Deutscher Abbruchverband e.V.\",\"description\":\"Oberl\u00e4nder Ufer 180 - 182  50968 K\u00f6ln\",\"potentialAction\":[{\"@type\":\"SearchAction\",\"target\":{\"@type\":\"EntryPoint\",\"urlTemplate\":\"https:\\\/\\\/www.deutscher-abbruchverband.de\\\/?s={search_term_string}\"},\"query-input\":{\"@type\":\"PropertyValueSpecification\",\"valueRequired\":true,\"valueName\":\"search_term_string\"}}],\"inLanguage\":\"en-US\"}]}<\/script>\n<!-- \/ Yoast SEO plugin. -->","yoast_head_json":{"title":"Profile and history of the association - Deutscher Abbruchverband e.V.","description":"Ma\u00dfgeblicher Wirtschafts- und Unternehmerverband der Abbruchbranche mit Sitz in K\u00f6ln. \u00dcber 600 Mitglieder aus den Branchen Abbruch, Recycling und Sanierung.","robots":{"index":"index","follow":"follow","max-snippet":"max-snippet:-1","max-image-preview":"max-image-preview:large","max-video-preview":"max-video-preview:-1"},"canonical":"https:\/\/www.deutscher-abbruchverband.de\/en\/verband\/verbandsportrait-und-geschichte\/","og_locale":"en_US","og_type":"article","og_title":"Profile and history of the association - Deutscher Abbruchverband e.V.","og_description":"Ma\u00dfgeblicher Wirtschafts- und Unternehmerverband der Abbruchbranche mit Sitz in K\u00f6ln. \u00dcber 600 Mitglieder aus den Branchen Abbruch, Recycling und Sanierung.","og_url":"https:\/\/www.deutscher-abbruchverband.de\/en\/verband\/verbandsportrait-und-geschichte\/","og_site_name":"Deutscher Abbruchverband e.V.","article_publisher":"https:\/\/www.facebook.com\/pg\/Deutscher-Abbruchverband-eV-163906820357873\/about\/","article_modified_time":"2025-04-02T08:50:26+00:00","og_image":[{"width":380,"height":456,"url":"https:\/\/www.deutscher-abbruchverband.de\/wp-content\/uploads\/2016\/11\/DA-Fahne.png","type":"image\/png"}],"twitter_card":"summary_large_image","twitter_misc":{"Est. reading time":"3 minutes"},"schema":{"@context":"https:\/\/schema.org","@graph":[{"@type":"WebPage","@id":"https:\/\/www.deutscher-abbruchverband.de\/en\/verband\/verbandsportrait-und-geschichte\/","url":"https:\/\/www.deutscher-abbruchverband.de\/en\/verband\/verbandsportrait-und-geschichte\/","name":"Profile and history of the association - Deutscher Abbruchverband e.V.","isPartOf":{"@id":"https:\/\/www.deutscher-abbruchverband.de\/#website"},"primaryImageOfPage":{"@id":"https:\/\/www.deutscher-abbruchverband.de\/en\/verband\/verbandsportrait-und-geschichte\/#primaryimage"},"image":{"@id":"https:\/\/www.deutscher-abbruchverband.de\/en\/verband\/verbandsportrait-und-geschichte\/#primaryimage"},"thumbnailUrl":"https:\/\/abbruch2020.indermache.de\/wp-content\/uploads\/2016\/11\/DA-Fahne-265x318.png","datePublished":"2016-11-14T13:05:51+00:00","dateModified":"2025-04-02T08:50:26+00:00","description":"Ma\u00dfgeblicher Wirtschafts- und Unternehmerverband der Abbruchbranche mit Sitz in K\u00f6ln. \u00dcber 600 Mitglieder aus den Branchen Abbruch, Recycling und Sanierung.","breadcrumb":{"@id":"https:\/\/www.deutscher-abbruchverband.de\/en\/verband\/verbandsportrait-und-geschichte\/#breadcrumb"},"inLanguage":"en-US","potentialAction":[{"@type":"ReadAction","target":["https:\/\/www.deutscher-abbruchverband.de\/en\/verband\/verbandsportrait-und-geschichte\/"]}]},{"@type":"ImageObject","inLanguage":"en-US","@id":"https:\/\/www.deutscher-abbruchverband.de\/en\/verband\/verbandsportrait-und-geschichte\/#primaryimage","url":"https:\/\/abbruch2020.indermache.de\/wp-content\/uploads\/2016\/11\/DA-Fahne-265x318.png","contentUrl":"https:\/\/abbruch2020.indermache.de\/wp-content\/uploads\/2016\/11\/DA-Fahne-265x318.png"},{"@type":"BreadcrumbList","@id":"https:\/\/www.deutscher-abbruchverband.de\/en\/verband\/verbandsportrait-und-geschichte\/#breadcrumb","itemListElement":[{"@type":"ListItem","position":1,"name":"Home","item":"https:\/\/www.deutscher-abbruchverband.de\/en\/"},{"@type":"ListItem","position":2,"name":"Association","item":"https:\/\/www.deutscher-abbruchverband.de\/en\/verband\/"},{"@type":"ListItem","position":3,"name":"Profile and history of the association"}]},{"@type":"WebSite","@id":"https:\/\/www.deutscher-abbruchverband.de\/#website","url":"https:\/\/www.deutscher-abbruchverband.de\/","name":"Deutscher Abbruchverband e.V.","description":"Oberl\u00e4nder Ufer 180 - 182  50968 K\u00f6ln","potentialAction":[{"@type":"SearchAction","target":{"@type":"EntryPoint","urlTemplate":"https:\/\/www.deutscher-abbruchverband.de\/?s={search_term_string}"},"query-input":{"@type":"PropertyValueSpecification","valueRequired":true,"valueName":"search_term_string"}}],"inLanguage":"en-US"}]}},"_links":{"self":[{"href":"https:\/\/www.deutscher-abbruchverband.de\/en\/wp-json\/wp\/v2\/pages\/29202","targetHints":{"allow":["GET"]}}],"collection":[{"href":"https:\/\/www.deutscher-abbruchverband.de\/en\/wp-json\/wp\/v2\/pages"}],"about":[{"href":"https:\/\/www.deutscher-abbruchverband.de\/en\/wp-json\/wp\/v2\/types\/page"}],"author":[{"embeddable":true,"href":"https:\/\/www.deutscher-abbruchverband.de\/en\/wp-json\/wp\/v2\/users\/1"}],"replies":[{"embeddable":true,"href":"https:\/\/www.deutscher-abbruchverband.de\/en\/wp-json\/wp\/v2\/comments?post=29202"}],"version-history":[{"count":4,"href":"https:\/\/www.deutscher-abbruchverband.de\/en\/wp-json\/wp\/v2\/pages\/29202\/revisions"}],"predecessor-version":[{"id":54014,"href":"https:\/\/www.deutscher-abbruchverband.de\/en\/wp-json\/wp\/v2\/pages\/29202\/revisions\/54014"}],"up":[{"embeddable":true,"href":"https:\/\/www.deutscher-abbruchverband.de\/en\/wp-json\/wp\/v2\/pages\/26133"}],"wp:attachment":[{"href":"https:\/\/www.deutscher-abbruchverband.de\/en\/wp-json\/wp\/v2\/media?parent=29202"}],"wp:term":[{"taxonomy":"post_tag","embeddable":true,"href":"https:\/\/www.deutscher-abbruchverband.de\/en\/wp-json\/wp\/v2\/tags?post=29202"}],"curies":[{"name":"wp","href":"https:\/\/api.w.org\/{rel}","templated":true}]}}