{"id":29215,"date":"2016-11-14T14:06:32","date_gmt":"2016-11-14T13:06:32","guid":{"rendered":"https:\/\/abbruch2020.indermache.de\/verband\/ueber-uns\/organigramm\/"},"modified":"2021-07-23T15:49:24","modified_gmt":"2021-07-23T13:49:24","slug":"organigramm","status":"publish","type":"page","link":"https:\/\/www.deutscher-abbruchverband.de\/en\/verband\/organigramm\/","title":{"rendered":"Organisation Chart"},"content":{"rendered":"<p><img decoding=\"async\" src=\"https:\/\/www.deutscher-abbruchverband.de\/wp-content\/uploads\/2021\/07\/DAV_Grafik_A4_quer_07_2021_DasSindWir_ENGL._zugeschnitten-fuer-Homepage-e1627048143525.png\" \/><\/p>\n","protected":false},"excerpt":{"rendered":"","protected":false},"author":1,"featured_media":0,"parent":26133,"menu_order":3,"comment_status":"closed","ping_status":"closed","template":"page-no-sidebar.php","meta":{"_acf_changed":false,"_bbp_topic_count":0,"_bbp_reply_count":0,"_bbp_total_topic_count":0,"_bbp_total_reply_count":0,"_bbp_voice_count":0,"_bbp_anonymous_reply_count":0,"_bbp_topic_count_hidden":0,"_bbp_reply_count_hidden":0,"_bbp_forum_subforum_count":0,"footnotes":""},"tags":[],"class_list":["post-29215","page","type-page","status-publish","hentry"],"acf":[],"yoast_head":"<!-- This site is optimized with the Yoast SEO plugin v27.4 - https:\/\/yoast.com\/product\/yoast-seo-wordpress\/ -->\n<title>Organisation Chart - Deutscher Abbruchverband e.V.<\/title>\n<meta name=\"description\" content=\"Organigramm des DA: Vorstand, Gesch\u00e4ftsstelle, Beirat, Landesverb\u00e4nde, Fachaussch\u00fcsse, Arbeitskreise, Schiedsgericht, Mitglieder, Mitgliederversammlung.\" \/>\n<meta name=\"robots\" content=\"index, follow, max-snippet:-1, max-image-preview:large, max-video-preview:-1\" \/>\n<link rel=\"canonical\" href=\"https:\/\/www.deutscher-abbruchverband.de\/en\/verband\/organigramm\/\" \/>\n<meta property=\"og:locale\" content=\"en_US\" \/>\n<meta property=\"og:type\" content=\"article\" \/>\n<meta property=\"og:title\" content=\"Organisation Chart - Deutscher Abbruchverband e.V.\" \/>\n<meta property=\"og:description\" content=\"Organigramm des DA: Vorstand, Gesch\u00e4ftsstelle, Beirat, Landesverb\u00e4nde, Fachaussch\u00fcsse, Arbeitskreise, Schiedsgericht, Mitglieder, Mitgliederversammlung.\" \/>\n<meta property=\"og:url\" content=\"https:\/\/www.deutscher-abbruchverband.de\/en\/verband\/organigramm\/\" \/>\n<meta property=\"og:site_name\" content=\"Deutscher Abbruchverband e.V.\" \/>\n<meta property=\"article:publisher\" content=\"https:\/\/www.facebook.com\/pg\/Deutscher-Abbruchverband-eV-163906820357873\/about\/\" \/>\n<meta property=\"article:modified_time\" content=\"2021-07-23T13:49:24+00:00\" \/>\n<meta property=\"og:image\" content=\"https:\/\/www.deutscher-abbruchverband.de\/wp-content\/uploads\/2021\/07\/DAV_Grafik_A4_quer_07_2021_DasSindWir_ENGL._zugeschnitten-fuer-Homepage-e1627048143525.png\" \/>\n<meta name=\"twitter:card\" content=\"summary_large_image\" \/>\n<meta name=\"twitter:label1\" content=\"Est. reading time\" \/>\n\t<meta name=\"twitter:data1\" content=\"1 minute\" \/>\n<script type=\"application\/ld+json\" class=\"yoast-schema-graph\">{\"@context\":\"https:\\\/\\\/schema.org\",\"@graph\":[{\"@type\":\"WebPage\",\"@id\":\"https:\\\/\\\/www.deutscher-abbruchverband.de\\\/en\\\/verband\\\/organigramm\\\/\",\"url\":\"https:\\\/\\\/www.deutscher-abbruchverband.de\\\/en\\\/verband\\\/organigramm\\\/\",\"name\":\"Organisation Chart - Deutscher Abbruchverband e.V.\",\"isPartOf\":{\"@id\":\"https:\\\/\\\/www.deutscher-abbruchverband.de\\\/#website\"},\"primaryImageOfPage\":{\"@id\":\"https:\\\/\\\/www.deutscher-abbruchverband.de\\\/en\\\/verband\\\/organigramm\\\/#primaryimage\"},\"image\":{\"@id\":\"https:\\\/\\\/www.deutscher-abbruchverband.de\\\/en\\\/verband\\\/organigramm\\\/#primaryimage\"},\"thumbnailUrl\":\"https:\\\/\\\/www.deutscher-abbruchverband.de\\\/wp-content\\\/uploads\\\/2021\\\/07\\\/DAV_Grafik_A4_quer_07_2021_DasSindWir_ENGL._zugeschnitten-fuer-Homepage-e1627048143525.png\",\"datePublished\":\"2016-11-14T13:06:32+00:00\",\"dateModified\":\"2021-07-23T13:49:24+00:00\",\"description\":\"Organigramm des DA: Vorstand, Gesch\u00e4ftsstelle, Beirat, Landesverb\u00e4nde, Fachaussch\u00fcsse, Arbeitskreise, Schiedsgericht, Mitglieder, Mitgliederversammlung.\",\"breadcrumb\":{\"@id\":\"https:\\\/\\\/www.deutscher-abbruchverband.de\\\/en\\\/verband\\\/organigramm\\\/#breadcrumb\"},\"inLanguage\":\"en-US\",\"potentialAction\":[{\"@type\":\"ReadAction\",\"target\":[\"https:\\\/\\\/www.deutscher-abbruchverband.de\\\/en\\\/verband\\\/organigramm\\\/\"]}]},{\"@type\":\"ImageObject\",\"inLanguage\":\"en-US\",\"@id\":\"https:\\\/\\\/www.deutscher-abbruchverband.de\\\/en\\\/verband\\\/organigramm\\\/#primaryimage\",\"url\":\"https:\\\/\\\/www.deutscher-abbruchverband.de\\\/wp-content\\\/uploads\\\/2021\\\/07\\\/DAV_Grafik_A4_quer_07_2021_DasSindWir_ENGL._zugeschnitten-fuer-Homepage-e1627048143525.png\",\"contentUrl\":\"https:\\\/\\\/www.deutscher-abbruchverband.de\\\/wp-content\\\/uploads\\\/2021\\\/07\\\/DAV_Grafik_A4_quer_07_2021_DasSindWir_ENGL._zugeschnitten-fuer-Homepage-e1627048143525.png\"},{\"@type\":\"BreadcrumbList\",\"@id\":\"https:\\\/\\\/www.deutscher-abbruchverband.de\\\/en\\\/verband\\\/organigramm\\\/#breadcrumb\",\"itemListElement\":[{\"@type\":\"ListItem\",\"position\":1,\"name\":\"Home\",\"item\":\"https:\\\/\\\/www.deutscher-abbruchverband.de\\\/en\\\/\"},{\"@type\":\"ListItem\",\"position\":2,\"name\":\"Association\",\"item\":\"https:\\\/\\\/www.deutscher-abbruchverband.de\\\/en\\\/verband\\\/\"},{\"@type\":\"ListItem\",\"position\":3,\"name\":\"Organisation Chart\"}]},{\"@type\":\"WebSite\",\"@id\":\"https:\\\/\\\/www.deutscher-abbruchverband.de\\\/#website\",\"url\":\"https:\\\/\\\/www.deutscher-abbruchverband.de\\\/\",\"name\":\"Deutscher Abbruchverband e.V.\",\"description\":\"Oberl\u00e4nder Ufer 180 - 182  50968 K\u00f6ln\",\"potentialAction\":[{\"@type\":\"SearchAction\",\"target\":{\"@type\":\"EntryPoint\",\"urlTemplate\":\"https:\\\/\\\/www.deutscher-abbruchverband.de\\\/?s={search_term_string}\"},\"query-input\":{\"@type\":\"PropertyValueSpecification\",\"valueRequired\":true,\"valueName\":\"search_term_string\"}}],\"inLanguage\":\"en-US\"}]}<\/script>\n<!-- \/ Yoast SEO plugin. -->","yoast_head_json":{"title":"Organisation Chart - Deutscher Abbruchverband e.V.","description":"Organigramm des DA: Vorstand, Gesch\u00e4ftsstelle, Beirat, Landesverb\u00e4nde, Fachaussch\u00fcsse, Arbeitskreise, Schiedsgericht, Mitglieder, Mitgliederversammlung.","robots":{"index":"index","follow":"follow","max-snippet":"max-snippet:-1","max-image-preview":"max-image-preview:large","max-video-preview":"max-video-preview:-1"},"canonical":"https:\/\/www.deutscher-abbruchverband.de\/en\/verband\/organigramm\/","og_locale":"en_US","og_type":"article","og_title":"Organisation Chart - Deutscher Abbruchverband e.V.","og_description":"Organigramm des DA: Vorstand, Gesch\u00e4ftsstelle, Beirat, Landesverb\u00e4nde, Fachaussch\u00fcsse, Arbeitskreise, Schiedsgericht, Mitglieder, Mitgliederversammlung.","og_url":"https:\/\/www.deutscher-abbruchverband.de\/en\/verband\/organigramm\/","og_site_name":"Deutscher Abbruchverband e.V.","article_publisher":"https:\/\/www.facebook.com\/pg\/Deutscher-Abbruchverband-eV-163906820357873\/about\/","article_modified_time":"2021-07-23T13:49:24+00:00","og_image":[{"url":"https:\/\/www.deutscher-abbruchverband.de\/wp-content\/uploads\/2021\/07\/DAV_Grafik_A4_quer_07_2021_DasSindWir_ENGL._zugeschnitten-fuer-Homepage-e1627048143525.png","type":"","width":"","height":""}],"twitter_card":"summary_large_image","twitter_misc":{"Est. reading time":"1 minute"},"schema":{"@context":"https:\/\/schema.org","@graph":[{"@type":"WebPage","@id":"https:\/\/www.deutscher-abbruchverband.de\/en\/verband\/organigramm\/","url":"https:\/\/www.deutscher-abbruchverband.de\/en\/verband\/organigramm\/","name":"Organisation Chart - Deutscher Abbruchverband e.V.","isPartOf":{"@id":"https:\/\/www.deutscher-abbruchverband.de\/#website"},"primaryImageOfPage":{"@id":"https:\/\/www.deutscher-abbruchverband.de\/en\/verband\/organigramm\/#primaryimage"},"image":{"@id":"https:\/\/www.deutscher-abbruchverband.de\/en\/verband\/organigramm\/#primaryimage"},"thumbnailUrl":"https:\/\/www.deutscher-abbruchverband.de\/wp-content\/uploads\/2021\/07\/DAV_Grafik_A4_quer_07_2021_DasSindWir_ENGL._zugeschnitten-fuer-Homepage-e1627048143525.png","datePublished":"2016-11-14T13:06:32+00:00","dateModified":"2021-07-23T13:49:24+00:00","description":"Organigramm des DA: Vorstand, Gesch\u00e4ftsstelle, Beirat, Landesverb\u00e4nde, Fachaussch\u00fcsse, Arbeitskreise, Schiedsgericht, Mitglieder, Mitgliederversammlung.","breadcrumb":{"@id":"https:\/\/www.deutscher-abbruchverband.de\/en\/verband\/organigramm\/#breadcrumb"},"inLanguage":"en-US","potentialAction":[{"@type":"ReadAction","target":["https:\/\/www.deutscher-abbruchverband.de\/en\/verband\/organigramm\/"]}]},{"@type":"ImageObject","inLanguage":"en-US","@id":"https:\/\/www.deutscher-abbruchverband.de\/en\/verband\/organigramm\/#primaryimage","url":"https:\/\/www.deutscher-abbruchverband.de\/wp-content\/uploads\/2021\/07\/DAV_Grafik_A4_quer_07_2021_DasSindWir_ENGL._zugeschnitten-fuer-Homepage-e1627048143525.png","contentUrl":"https:\/\/www.deutscher-abbruchverband.de\/wp-content\/uploads\/2021\/07\/DAV_Grafik_A4_quer_07_2021_DasSindWir_ENGL._zugeschnitten-fuer-Homepage-e1627048143525.png"},{"@type":"BreadcrumbList","@id":"https:\/\/www.deutscher-abbruchverband.de\/en\/verband\/organigramm\/#breadcrumb","itemListElement":[{"@type":"ListItem","position":1,"name":"Home","item":"https:\/\/www.deutscher-abbruchverband.de\/en\/"},{"@type":"ListItem","position":2,"name":"Association","item":"https:\/\/www.deutscher-abbruchverband.de\/en\/verband\/"},{"@type":"ListItem","position":3,"name":"Organisation Chart"}]},{"@type":"WebSite","@id":"https:\/\/www.deutscher-abbruchverband.de\/#website","url":"https:\/\/www.deutscher-abbruchverband.de\/","name":"Deutscher Abbruchverband e.V.","description":"Oberl\u00e4nder Ufer 180 - 182  50968 K\u00f6ln","potentialAction":[{"@type":"SearchAction","target":{"@type":"EntryPoint","urlTemplate":"https:\/\/www.deutscher-abbruchverband.de\/?s={search_term_string}"},"query-input":{"@type":"PropertyValueSpecification","valueRequired":true,"valueName":"search_term_string"}}],"inLanguage":"en-US"}]}},"_links":{"self":[{"href":"https:\/\/www.deutscher-abbruchverband.de\/en\/wp-json\/wp\/v2\/pages\/29215","targetHints":{"allow":["GET"]}}],"collection":[{"href":"https:\/\/www.deutscher-abbruchverband.de\/en\/wp-json\/wp\/v2\/pages"}],"about":[{"href":"https:\/\/www.deutscher-abbruchverband.de\/en\/wp-json\/wp\/v2\/types\/page"}],"author":[{"embeddable":true,"href":"https:\/\/www.deutscher-abbruchverband.de\/en\/wp-json\/wp\/v2\/users\/1"}],"replies":[{"embeddable":true,"href":"https:\/\/www.deutscher-abbruchverband.de\/en\/wp-json\/wp\/v2\/comments?post=29215"}],"version-history":[{"count":8,"href":"https:\/\/www.deutscher-abbruchverband.de\/en\/wp-json\/wp\/v2\/pages\/29215\/revisions"}],"predecessor-version":[{"id":33092,"href":"https:\/\/www.deutscher-abbruchverband.de\/en\/wp-json\/wp\/v2\/pages\/29215\/revisions\/33092"}],"up":[{"embeddable":true,"href":"https:\/\/www.deutscher-abbruchverband.de\/en\/wp-json\/wp\/v2\/pages\/26133"}],"wp:attachment":[{"href":"https:\/\/www.deutscher-abbruchverband.de\/en\/wp-json\/wp\/v2\/media?parent=29215"}],"wp:term":[{"taxonomy":"post_tag","embeddable":true,"href":"https:\/\/www.deutscher-abbruchverband.de\/en\/wp-json\/wp\/v2\/tags?post=29215"}],"curies":[{"name":"wp","href":"https:\/\/api.w.org\/{rel}","templated":true}]}}