{"id":29232,"date":"2016-11-14T14:08:41","date_gmt":"2016-11-14T13:08:41","guid":{"rendered":"https:\/\/abbruch2020.indermache.de\/verband\/ueber-uns\/geschaeftsstellen\/geschaeftsstelle\/"},"modified":"2026-04-09T14:15:00","modified_gmt":"2026-04-09T12:15:00","slug":"geschaeftsstelle","status":"publish","type":"page","link":"https:\/\/www.deutscher-abbruchverband.de\/en\/verband\/geschaeftsstellen\/geschaeftsstelle\/","title":{"rendered":"Head Office Cologne"},"content":{"rendered":"","protected":false},"excerpt":{"rendered":"","protected":false},"author":1,"featured_media":0,"parent":29228,"menu_order":1,"comment_status":"closed","ping_status":"closed","template":"","meta":{"_acf_changed":false,"_bbp_topic_count":0,"_bbp_reply_count":0,"_bbp_total_topic_count":0,"_bbp_total_reply_count":0,"_bbp_voice_count":0,"_bbp_anonymous_reply_count":0,"_bbp_topic_count_hidden":0,"_bbp_reply_count_hidden":0,"_bbp_forum_subforum_count":0,"footnotes":""},"tags":[],"class_list":["post-29232","page","type-page","status-publish","hentry"],"acf":[],"yoast_head":"<!-- This site is optimized with the Yoast SEO plugin v27.3 - https:\/\/yoast.com\/product\/yoast-seo-wordpress\/ -->\n<title>Head Office Cologne - Deutscher Abbruchverband e.V.<\/title>\n<meta name=\"description\" content=\"DA-Gesch\u00e4ftsstelle: Gesch\u00e4ftsf\u00fchrer Andreas Pocha, Assistentin V. Ridderbusch, Referenten J. Kirste, B. M\u00fcller, W. Sodermanns-Peschel, F. Peters\" \/>\n<meta name=\"robots\" content=\"index, follow, max-snippet:-1, max-image-preview:large, max-video-preview:-1\" \/>\n<link rel=\"canonical\" href=\"https:\/\/www.deutscher-abbruchverband.de\/en\/verband\/geschaeftsstellen\/geschaeftsstelle\/\" \/>\n<meta property=\"og:locale\" content=\"en_US\" \/>\n<meta property=\"og:type\" content=\"article\" \/>\n<meta property=\"og:title\" content=\"Head Office Cologne - Deutscher Abbruchverband e.V.\" \/>\n<meta property=\"og:description\" content=\"DA-Gesch\u00e4ftsstelle: Gesch\u00e4ftsf\u00fchrer Andreas Pocha, Assistentin V. Ridderbusch, Referenten J. Kirste, B. M\u00fcller, W. Sodermanns-Peschel, F. Peters\" \/>\n<meta property=\"og:url\" content=\"https:\/\/www.deutscher-abbruchverband.de\/en\/verband\/geschaeftsstellen\/geschaeftsstelle\/\" \/>\n<meta property=\"og:site_name\" content=\"Deutscher Abbruchverband e.V.\" \/>\n<meta property=\"article:publisher\" content=\"https:\/\/www.facebook.com\/pg\/Deutscher-Abbruchverband-eV-163906820357873\/about\/\" \/>\n<meta property=\"article:modified_time\" content=\"2026-04-09T12:15:00+00:00\" \/>\n<meta name=\"twitter:card\" content=\"summary_large_image\" \/>\n<script type=\"application\/ld+json\" class=\"yoast-schema-graph\">{\"@context\":\"https:\\\/\\\/schema.org\",\"@graph\":[{\"@type\":\"WebPage\",\"@id\":\"https:\\\/\\\/www.deutscher-abbruchverband.de\\\/en\\\/verband\\\/geschaeftsstellen\\\/geschaeftsstelle\\\/\",\"url\":\"https:\\\/\\\/www.deutscher-abbruchverband.de\\\/en\\\/verband\\\/geschaeftsstellen\\\/geschaeftsstelle\\\/\",\"name\":\"Head Office Cologne - Deutscher Abbruchverband e.V.\",\"isPartOf\":{\"@id\":\"https:\\\/\\\/www.deutscher-abbruchverband.de\\\/#website\"},\"datePublished\":\"2016-11-14T13:08:41+00:00\",\"dateModified\":\"2026-04-09T12:15:00+00:00\",\"description\":\"DA-Gesch\u00e4ftsstelle: Gesch\u00e4ftsf\u00fchrer Andreas Pocha, Assistentin V. Ridderbusch, Referenten J. Kirste, B. M\u00fcller, W. Sodermanns-Peschel, F. Peters\",\"breadcrumb\":{\"@id\":\"https:\\\/\\\/www.deutscher-abbruchverband.de\\\/en\\\/verband\\\/geschaeftsstellen\\\/geschaeftsstelle\\\/#breadcrumb\"},\"inLanguage\":\"en-US\",\"potentialAction\":[{\"@type\":\"ReadAction\",\"target\":[\"https:\\\/\\\/www.deutscher-abbruchverband.de\\\/en\\\/verband\\\/geschaeftsstellen\\\/geschaeftsstelle\\\/\"]}]},{\"@type\":\"BreadcrumbList\",\"@id\":\"https:\\\/\\\/www.deutscher-abbruchverband.de\\\/en\\\/verband\\\/geschaeftsstellen\\\/geschaeftsstelle\\\/#breadcrumb\",\"itemListElement\":[{\"@type\":\"ListItem\",\"position\":1,\"name\":\"Home\",\"item\":\"https:\\\/\\\/www.deutscher-abbruchverband.de\\\/en\\\/\"},{\"@type\":\"ListItem\",\"position\":2,\"name\":\"Association\",\"item\":\"https:\\\/\\\/www.deutscher-abbruchverband.de\\\/en\\\/verband\\\/\"},{\"@type\":\"ListItem\",\"position\":3,\"name\":\"Offices\",\"item\":\"https:\\\/\\\/www.deutscher-abbruchverband.de\\\/en\\\/verband\\\/geschaeftsstellen\\\/\"},{\"@type\":\"ListItem\",\"position\":4,\"name\":\"Head Office Cologne\"}]},{\"@type\":\"WebSite\",\"@id\":\"https:\\\/\\\/www.deutscher-abbruchverband.de\\\/#website\",\"url\":\"https:\\\/\\\/www.deutscher-abbruchverband.de\\\/\",\"name\":\"Deutscher Abbruchverband e.V.\",\"description\":\"Oberl\u00e4nder Ufer 180 - 182  50968 K\u00f6ln\",\"potentialAction\":[{\"@type\":\"SearchAction\",\"target\":{\"@type\":\"EntryPoint\",\"urlTemplate\":\"https:\\\/\\\/www.deutscher-abbruchverband.de\\\/?s={search_term_string}\"},\"query-input\":{\"@type\":\"PropertyValueSpecification\",\"valueRequired\":true,\"valueName\":\"search_term_string\"}}],\"inLanguage\":\"en-US\"}]}<\/script>\n<!-- \/ Yoast SEO plugin. -->","yoast_head_json":{"title":"Head Office Cologne - Deutscher Abbruchverband e.V.","description":"DA-Gesch\u00e4ftsstelle: Gesch\u00e4ftsf\u00fchrer Andreas Pocha, Assistentin V. Ridderbusch, Referenten J. Kirste, B. M\u00fcller, W. Sodermanns-Peschel, F. Peters","robots":{"index":"index","follow":"follow","max-snippet":"max-snippet:-1","max-image-preview":"max-image-preview:large","max-video-preview":"max-video-preview:-1"},"canonical":"https:\/\/www.deutscher-abbruchverband.de\/en\/verband\/geschaeftsstellen\/geschaeftsstelle\/","og_locale":"en_US","og_type":"article","og_title":"Head Office Cologne - Deutscher Abbruchverband e.V.","og_description":"DA-Gesch\u00e4ftsstelle: Gesch\u00e4ftsf\u00fchrer Andreas Pocha, Assistentin V. Ridderbusch, Referenten J. Kirste, B. M\u00fcller, W. Sodermanns-Peschel, F. Peters","og_url":"https:\/\/www.deutscher-abbruchverband.de\/en\/verband\/geschaeftsstellen\/geschaeftsstelle\/","og_site_name":"Deutscher Abbruchverband e.V.","article_publisher":"https:\/\/www.facebook.com\/pg\/Deutscher-Abbruchverband-eV-163906820357873\/about\/","article_modified_time":"2026-04-09T12:15:00+00:00","twitter_card":"summary_large_image","schema":{"@context":"https:\/\/schema.org","@graph":[{"@type":"WebPage","@id":"https:\/\/www.deutscher-abbruchverband.de\/en\/verband\/geschaeftsstellen\/geschaeftsstelle\/","url":"https:\/\/www.deutscher-abbruchverband.de\/en\/verband\/geschaeftsstellen\/geschaeftsstelle\/","name":"Head Office Cologne - Deutscher Abbruchverband e.V.","isPartOf":{"@id":"https:\/\/www.deutscher-abbruchverband.de\/#website"},"datePublished":"2016-11-14T13:08:41+00:00","dateModified":"2026-04-09T12:15:00+00:00","description":"DA-Gesch\u00e4ftsstelle: Gesch\u00e4ftsf\u00fchrer Andreas Pocha, Assistentin V. Ridderbusch, Referenten J. Kirste, B. M\u00fcller, W. Sodermanns-Peschel, F. Peters","breadcrumb":{"@id":"https:\/\/www.deutscher-abbruchverband.de\/en\/verband\/geschaeftsstellen\/geschaeftsstelle\/#breadcrumb"},"inLanguage":"en-US","potentialAction":[{"@type":"ReadAction","target":["https:\/\/www.deutscher-abbruchverband.de\/en\/verband\/geschaeftsstellen\/geschaeftsstelle\/"]}]},{"@type":"BreadcrumbList","@id":"https:\/\/www.deutscher-abbruchverband.de\/en\/verband\/geschaeftsstellen\/geschaeftsstelle\/#breadcrumb","itemListElement":[{"@type":"ListItem","position":1,"name":"Home","item":"https:\/\/www.deutscher-abbruchverband.de\/en\/"},{"@type":"ListItem","position":2,"name":"Association","item":"https:\/\/www.deutscher-abbruchverband.de\/en\/verband\/"},{"@type":"ListItem","position":3,"name":"Offices","item":"https:\/\/www.deutscher-abbruchverband.de\/en\/verband\/geschaeftsstellen\/"},{"@type":"ListItem","position":4,"name":"Head Office Cologne"}]},{"@type":"WebSite","@id":"https:\/\/www.deutscher-abbruchverband.de\/#website","url":"https:\/\/www.deutscher-abbruchverband.de\/","name":"Deutscher Abbruchverband e.V.","description":"Oberl\u00e4nder Ufer 180 - 182  50968 K\u00f6ln","potentialAction":[{"@type":"SearchAction","target":{"@type":"EntryPoint","urlTemplate":"https:\/\/www.deutscher-abbruchverband.de\/?s={search_term_string}"},"query-input":{"@type":"PropertyValueSpecification","valueRequired":true,"valueName":"search_term_string"}}],"inLanguage":"en-US"}]}},"_links":{"self":[{"href":"https:\/\/www.deutscher-abbruchverband.de\/en\/wp-json\/wp\/v2\/pages\/29232","targetHints":{"allow":["GET"]}}],"collection":[{"href":"https:\/\/www.deutscher-abbruchverband.de\/en\/wp-json\/wp\/v2\/pages"}],"about":[{"href":"https:\/\/www.deutscher-abbruchverband.de\/en\/wp-json\/wp\/v2\/types\/page"}],"author":[{"embeddable":true,"href":"https:\/\/www.deutscher-abbruchverband.de\/en\/wp-json\/wp\/v2\/users\/1"}],"replies":[{"embeddable":true,"href":"https:\/\/www.deutscher-abbruchverband.de\/en\/wp-json\/wp\/v2\/comments?post=29232"}],"version-history":[{"count":44,"href":"https:\/\/www.deutscher-abbruchverband.de\/en\/wp-json\/wp\/v2\/pages\/29232\/revisions"}],"predecessor-version":[{"id":59756,"href":"https:\/\/www.deutscher-abbruchverband.de\/en\/wp-json\/wp\/v2\/pages\/29232\/revisions\/59756"}],"up":[{"embeddable":true,"href":"https:\/\/www.deutscher-abbruchverband.de\/en\/wp-json\/wp\/v2\/pages\/29228"}],"wp:attachment":[{"href":"https:\/\/www.deutscher-abbruchverband.de\/en\/wp-json\/wp\/v2\/media?parent=29232"}],"wp:term":[{"taxonomy":"post_tag","embeddable":true,"href":"https:\/\/www.deutscher-abbruchverband.de\/en\/wp-json\/wp\/v2\/tags?post=29232"}],"curies":[{"name":"wp","href":"https:\/\/api.w.org\/{rel}","templated":true}]}}