{"id":29298,"date":"2017-02-09T14:16:49","date_gmt":"2017-02-09T13:16:49","guid":{"rendered":"https:\/\/abbruch2020.indermache.de\/verband\/gremien\/fachausschuesse\/der-finanzausschuss\/"},"modified":"2022-11-08T15:16:19","modified_gmt":"2022-11-08T14:16:19","slug":"der-finanzausschuss","status":"publish","type":"page","link":"https:\/\/www.deutscher-abbruchverband.de\/en\/verband\/gremien\/fachausschuesse\/der-finanzausschuss\/","title":{"rendered":"Finance Committee"},"content":{"rendered":"<p>The finance committee gives the management suggestions for the contribution structure as well as for the annual budget plan.<\/p>\n<p>The financial activities of the German Demolition Association are audited annually by an independent chartered accountant as well as by two voluntary cash auditors from among the members.<\/p>\n<p>&nbsp;<\/p>\n","protected":false},"excerpt":{"rendered":"<p>The finance committee gives the management suggestions for the contribution structure as well as for the annual budget plan. The financial activities of the German Demolition Association are audited annually by an independent chartered accountant&#8230;<\/p>\n","protected":false},"author":1,"featured_media":0,"parent":29265,"menu_order":5,"comment_status":"closed","ping_status":"closed","template":"","meta":{"_acf_changed":false,"_bbp_topic_count":0,"_bbp_reply_count":0,"_bbp_total_topic_count":0,"_bbp_total_reply_count":0,"_bbp_voice_count":0,"_bbp_anonymous_reply_count":0,"_bbp_topic_count_hidden":0,"_bbp_reply_count_hidden":0,"_bbp_forum_subforum_count":0,"footnotes":""},"tags":[],"class_list":["post-29298","page","type-page","status-publish","hentry"],"acf":[],"yoast_head":"<!-- This site is optimized with the Yoast SEO plugin v27.4 - https:\/\/yoast.com\/product\/yoast-seo-wordpress\/ -->\n<title>Finance Committee - Deutscher Abbruchverband e.V.<\/title>\n<meta name=\"description\" content=\"Der Finanzausschuss unterbreitet dem Vorstand des DA Vorschl\u00e4ge f\u00fcr die Beitragsstruktur sowie f\u00fcr den j\u00e4hrlichen Etatplan.\" \/>\n<meta name=\"robots\" content=\"index, follow, max-snippet:-1, max-image-preview:large, max-video-preview:-1\" \/>\n<link rel=\"canonical\" href=\"https:\/\/www.deutscher-abbruchverband.de\/en\/verband\/gremien\/fachausschuesse\/der-finanzausschuss\/\" \/>\n<meta property=\"og:locale\" content=\"en_US\" \/>\n<meta property=\"og:type\" content=\"article\" \/>\n<meta property=\"og:title\" content=\"Finance Committee - Deutscher Abbruchverband e.V.\" \/>\n<meta property=\"og:description\" content=\"Der Finanzausschuss unterbreitet dem Vorstand des DA Vorschl\u00e4ge f\u00fcr die Beitragsstruktur sowie f\u00fcr den j\u00e4hrlichen Etatplan.\" \/>\n<meta property=\"og:url\" content=\"https:\/\/www.deutscher-abbruchverband.de\/en\/verband\/gremien\/fachausschuesse\/der-finanzausschuss\/\" \/>\n<meta property=\"og:site_name\" content=\"Deutscher Abbruchverband e.V.\" \/>\n<meta property=\"article:publisher\" content=\"https:\/\/www.facebook.com\/pg\/Deutscher-Abbruchverband-eV-163906820357873\/about\/\" \/>\n<meta property=\"article:modified_time\" content=\"2022-11-08T14:16:19+00:00\" \/>\n<meta name=\"twitter:card\" content=\"summary_large_image\" \/>\n<meta name=\"twitter:label1\" content=\"Est. reading time\" \/>\n\t<meta name=\"twitter:data1\" content=\"1 minute\" \/>\n<script type=\"application\/ld+json\" class=\"yoast-schema-graph\">{\"@context\":\"https:\\\/\\\/schema.org\",\"@graph\":[{\"@type\":\"WebPage\",\"@id\":\"https:\\\/\\\/www.deutscher-abbruchverband.de\\\/en\\\/verband\\\/gremien\\\/fachausschuesse\\\/der-finanzausschuss\\\/\",\"url\":\"https:\\\/\\\/www.deutscher-abbruchverband.de\\\/en\\\/verband\\\/gremien\\\/fachausschuesse\\\/der-finanzausschuss\\\/\",\"name\":\"Finance Committee - Deutscher Abbruchverband e.V.\",\"isPartOf\":{\"@id\":\"https:\\\/\\\/www.deutscher-abbruchverband.de\\\/#website\"},\"datePublished\":\"2017-02-09T13:16:49+00:00\",\"dateModified\":\"2022-11-08T14:16:19+00:00\",\"description\":\"Der Finanzausschuss unterbreitet dem Vorstand des DA Vorschl\u00e4ge f\u00fcr die Beitragsstruktur sowie f\u00fcr den j\u00e4hrlichen Etatplan.\",\"breadcrumb\":{\"@id\":\"https:\\\/\\\/www.deutscher-abbruchverband.de\\\/en\\\/verband\\\/gremien\\\/fachausschuesse\\\/der-finanzausschuss\\\/#breadcrumb\"},\"inLanguage\":\"en-US\",\"potentialAction\":[{\"@type\":\"ReadAction\",\"target\":[\"https:\\\/\\\/www.deutscher-abbruchverband.de\\\/en\\\/verband\\\/gremien\\\/fachausschuesse\\\/der-finanzausschuss\\\/\"]}]},{\"@type\":\"BreadcrumbList\",\"@id\":\"https:\\\/\\\/www.deutscher-abbruchverband.de\\\/en\\\/verband\\\/gremien\\\/fachausschuesse\\\/der-finanzausschuss\\\/#breadcrumb\",\"itemListElement\":[{\"@type\":\"ListItem\",\"position\":1,\"name\":\"Home\",\"item\":\"https:\\\/\\\/www.deutscher-abbruchverband.de\\\/en\\\/\"},{\"@type\":\"ListItem\",\"position\":2,\"name\":\"Association\",\"item\":\"https:\\\/\\\/www.deutscher-abbruchverband.de\\\/en\\\/verband\\\/\"},{\"@type\":\"ListItem\",\"position\":3,\"name\":\"Committees\",\"item\":\"https:\\\/\\\/www.deutscher-abbruchverband.de\\\/en\\\/verband\\\/gremien\\\/\"},{\"@type\":\"ListItem\",\"position\":4,\"name\":\"Professional Committees\",\"item\":\"https:\\\/\\\/www.deutscher-abbruchverband.de\\\/en\\\/verband\\\/gremien\\\/fachausschuesse\\\/\"},{\"@type\":\"ListItem\",\"position\":5,\"name\":\"Finance Committee\"}]},{\"@type\":\"WebSite\",\"@id\":\"https:\\\/\\\/www.deutscher-abbruchverband.de\\\/#website\",\"url\":\"https:\\\/\\\/www.deutscher-abbruchverband.de\\\/\",\"name\":\"Deutscher Abbruchverband e.V.\",\"description\":\"Oberl\u00e4nder Ufer 180 - 182  50968 K\u00f6ln\",\"potentialAction\":[{\"@type\":\"SearchAction\",\"target\":{\"@type\":\"EntryPoint\",\"urlTemplate\":\"https:\\\/\\\/www.deutscher-abbruchverband.de\\\/?s={search_term_string}\"},\"query-input\":{\"@type\":\"PropertyValueSpecification\",\"valueRequired\":true,\"valueName\":\"search_term_string\"}}],\"inLanguage\":\"en-US\"}]}<\/script>\n<!-- \/ Yoast SEO plugin. -->","yoast_head_json":{"title":"Finance Committee - Deutscher Abbruchverband e.V.","description":"Der Finanzausschuss unterbreitet dem Vorstand des DA Vorschl\u00e4ge f\u00fcr die Beitragsstruktur sowie f\u00fcr den j\u00e4hrlichen Etatplan.","robots":{"index":"index","follow":"follow","max-snippet":"max-snippet:-1","max-image-preview":"max-image-preview:large","max-video-preview":"max-video-preview:-1"},"canonical":"https:\/\/www.deutscher-abbruchverband.de\/en\/verband\/gremien\/fachausschuesse\/der-finanzausschuss\/","og_locale":"en_US","og_type":"article","og_title":"Finance Committee - Deutscher Abbruchverband e.V.","og_description":"Der Finanzausschuss unterbreitet dem Vorstand des DA Vorschl\u00e4ge f\u00fcr die Beitragsstruktur sowie f\u00fcr den j\u00e4hrlichen Etatplan.","og_url":"https:\/\/www.deutscher-abbruchverband.de\/en\/verband\/gremien\/fachausschuesse\/der-finanzausschuss\/","og_site_name":"Deutscher Abbruchverband e.V.","article_publisher":"https:\/\/www.facebook.com\/pg\/Deutscher-Abbruchverband-eV-163906820357873\/about\/","article_modified_time":"2022-11-08T14:16:19+00:00","twitter_card":"summary_large_image","twitter_misc":{"Est. reading time":"1 minute"},"schema":{"@context":"https:\/\/schema.org","@graph":[{"@type":"WebPage","@id":"https:\/\/www.deutscher-abbruchverband.de\/en\/verband\/gremien\/fachausschuesse\/der-finanzausschuss\/","url":"https:\/\/www.deutscher-abbruchverband.de\/en\/verband\/gremien\/fachausschuesse\/der-finanzausschuss\/","name":"Finance Committee - Deutscher Abbruchverband e.V.","isPartOf":{"@id":"https:\/\/www.deutscher-abbruchverband.de\/#website"},"datePublished":"2017-02-09T13:16:49+00:00","dateModified":"2022-11-08T14:16:19+00:00","description":"Der Finanzausschuss unterbreitet dem Vorstand des DA Vorschl\u00e4ge f\u00fcr die Beitragsstruktur sowie f\u00fcr den j\u00e4hrlichen Etatplan.","breadcrumb":{"@id":"https:\/\/www.deutscher-abbruchverband.de\/en\/verband\/gremien\/fachausschuesse\/der-finanzausschuss\/#breadcrumb"},"inLanguage":"en-US","potentialAction":[{"@type":"ReadAction","target":["https:\/\/www.deutscher-abbruchverband.de\/en\/verband\/gremien\/fachausschuesse\/der-finanzausschuss\/"]}]},{"@type":"BreadcrumbList","@id":"https:\/\/www.deutscher-abbruchverband.de\/en\/verband\/gremien\/fachausschuesse\/der-finanzausschuss\/#breadcrumb","itemListElement":[{"@type":"ListItem","position":1,"name":"Home","item":"https:\/\/www.deutscher-abbruchverband.de\/en\/"},{"@type":"ListItem","position":2,"name":"Association","item":"https:\/\/www.deutscher-abbruchverband.de\/en\/verband\/"},{"@type":"ListItem","position":3,"name":"Committees","item":"https:\/\/www.deutscher-abbruchverband.de\/en\/verband\/gremien\/"},{"@type":"ListItem","position":4,"name":"Professional Committees","item":"https:\/\/www.deutscher-abbruchverband.de\/en\/verband\/gremien\/fachausschuesse\/"},{"@type":"ListItem","position":5,"name":"Finance Committee"}]},{"@type":"WebSite","@id":"https:\/\/www.deutscher-abbruchverband.de\/#website","url":"https:\/\/www.deutscher-abbruchverband.de\/","name":"Deutscher Abbruchverband e.V.","description":"Oberl\u00e4nder Ufer 180 - 182  50968 K\u00f6ln","potentialAction":[{"@type":"SearchAction","target":{"@type":"EntryPoint","urlTemplate":"https:\/\/www.deutscher-abbruchverband.de\/?s={search_term_string}"},"query-input":{"@type":"PropertyValueSpecification","valueRequired":true,"valueName":"search_term_string"}}],"inLanguage":"en-US"}]}},"_links":{"self":[{"href":"https:\/\/www.deutscher-abbruchverband.de\/en\/wp-json\/wp\/v2\/pages\/29298","targetHints":{"allow":["GET"]}}],"collection":[{"href":"https:\/\/www.deutscher-abbruchverband.de\/en\/wp-json\/wp\/v2\/pages"}],"about":[{"href":"https:\/\/www.deutscher-abbruchverband.de\/en\/wp-json\/wp\/v2\/types\/page"}],"author":[{"embeddable":true,"href":"https:\/\/www.deutscher-abbruchverband.de\/en\/wp-json\/wp\/v2\/users\/1"}],"replies":[{"embeddable":true,"href":"https:\/\/www.deutscher-abbruchverband.de\/en\/wp-json\/wp\/v2\/comments?post=29298"}],"version-history":[{"count":3,"href":"https:\/\/www.deutscher-abbruchverband.de\/en\/wp-json\/wp\/v2\/pages\/29298\/revisions"}],"predecessor-version":[{"id":39326,"href":"https:\/\/www.deutscher-abbruchverband.de\/en\/wp-json\/wp\/v2\/pages\/29298\/revisions\/39326"}],"up":[{"embeddable":true,"href":"https:\/\/www.deutscher-abbruchverband.de\/en\/wp-json\/wp\/v2\/pages\/29265"}],"wp:attachment":[{"href":"https:\/\/www.deutscher-abbruchverband.de\/en\/wp-json\/wp\/v2\/media?parent=29298"}],"wp:term":[{"taxonomy":"post_tag","embeddable":true,"href":"https:\/\/www.deutscher-abbruchverband.de\/en\/wp-json\/wp\/v2\/tags?post=29298"}],"curies":[{"name":"wp","href":"https:\/\/api.w.org\/{rel}","templated":true}]}}