{"id":29367,"date":"2016-11-14T14:24:32","date_gmt":"2016-11-14T13:24:32","guid":{"rendered":"https:\/\/abbruch2020.indermache.de\/fachthemen\/baurecht-und-sonstige-rechtliche-fragen\/"},"modified":"2020-11-20T16:29:41","modified_gmt":"2020-11-20T15:29:41","slug":"baurecht-und-sonstige-rechtliche-fragen","status":"publish","type":"page","link":"https:\/\/www.deutscher-abbruchverband.de\/en\/fachthemen\/baurecht-und-sonstige-rechtliche-fragen\/","title":{"rendered":"Law"},"content":{"rendered":"<p>The knowledge of the legal situation is one of the important pre-requisites for successfully planning a demolition. Owing to the complexity of a modern demolition, legal aspects from the different legal areas come into effect. These primarily include the construction and environmental law, as also procurement law, work protection law, emission control act, chemicals and waste legislations as well as a number of directives, administrative regulations and regulations under the state law.<\/p>\n<p>In this scenario, there are partly considerable differences in the building regulations of the states and the lawmaker is continuously turning out new laws. As such, it is not always easy for the demolition companies to maintain an overview. Here, the German Demolition Association considers itself as being in demand in a special way.<\/p>\n<p>On one hand, through its active involvement in the politically relevant bodies, the DA advocates practical experiences to be considered when amending the laws. On the other, it promptly and specifically informs its members about new regulations and hence has a major share of the legal safety of the entire sector.<\/p>\n<p>&nbsp;<\/p>\n<p>More information about the legal topic is given in our <a href=\"https:\/\/www.deutscher-abbruchverband.de\/da-intern\/fachthemen\/recht\/\" target=\"_blank\" rel=\"noopener noreferrer\">member area<\/a>.<\/p>\n","protected":false},"excerpt":{"rendered":"<p>The knowledge of the legal situation is one of the important pre-requisites for successfully planning a demolition. Owing to the complexity of a modern demolition, legal aspects from the different legal areas come into effect&#8230;.<\/p>\n","protected":false},"author":1,"featured_media":0,"parent":29328,"menu_order":3,"comment_status":"closed","ping_status":"closed","template":"","meta":{"_acf_changed":false,"_bbp_topic_count":0,"_bbp_reply_count":0,"_bbp_total_topic_count":0,"_bbp_total_reply_count":0,"_bbp_voice_count":0,"_bbp_anonymous_reply_count":0,"_bbp_topic_count_hidden":0,"_bbp_reply_count_hidden":0,"_bbp_forum_subforum_count":0,"footnotes":""},"tags":[],"class_list":["post-29367","page","type-page","status-publish","hentry"],"acf":[],"yoast_head":"<!-- This site is optimized with the Yoast SEO plugin v27.4 - https:\/\/yoast.com\/product\/yoast-seo-wordpress\/ -->\n<title>Law - Deutscher Abbruchverband e.V.<\/title>\n<meta name=\"description\" content=\"Der DA setzt sich durch Mitarbeit in politisch relevanten Gremien daf\u00fcr ein, dass bei Gesetzes\u00e4nderungen Erfahrungen aus der Praxis ber\u00fccksichtigt werden.\" \/>\n<meta name=\"robots\" content=\"index, follow, max-snippet:-1, max-image-preview:large, max-video-preview:-1\" \/>\n<link rel=\"canonical\" href=\"https:\/\/www.deutscher-abbruchverband.de\/en\/fachthemen\/baurecht-und-sonstige-rechtliche-fragen\/\" \/>\n<meta property=\"og:locale\" content=\"en_US\" \/>\n<meta property=\"og:type\" content=\"article\" \/>\n<meta property=\"og:title\" content=\"Law - Deutscher Abbruchverband e.V.\" \/>\n<meta property=\"og:description\" content=\"Der DA setzt sich durch Mitarbeit in politisch relevanten Gremien daf\u00fcr ein, dass bei Gesetzes\u00e4nderungen Erfahrungen aus der Praxis ber\u00fccksichtigt werden.\" \/>\n<meta property=\"og:url\" content=\"https:\/\/www.deutscher-abbruchverband.de\/en\/fachthemen\/baurecht-und-sonstige-rechtliche-fragen\/\" \/>\n<meta property=\"og:site_name\" content=\"Deutscher Abbruchverband e.V.\" \/>\n<meta property=\"article:publisher\" content=\"https:\/\/www.facebook.com\/pg\/Deutscher-Abbruchverband-eV-163906820357873\/about\/\" \/>\n<meta property=\"article:modified_time\" content=\"2020-11-20T15:29:41+00:00\" \/>\n<meta name=\"twitter:card\" content=\"summary_large_image\" \/>\n<meta name=\"twitter:label1\" content=\"Est. reading time\" \/>\n\t<meta name=\"twitter:data1\" content=\"1 minute\" \/>\n<script type=\"application\/ld+json\" class=\"yoast-schema-graph\">{\"@context\":\"https:\\\/\\\/schema.org\",\"@graph\":[{\"@type\":\"WebPage\",\"@id\":\"https:\\\/\\\/www.deutscher-abbruchverband.de\\\/en\\\/fachthemen\\\/baurecht-und-sonstige-rechtliche-fragen\\\/\",\"url\":\"https:\\\/\\\/www.deutscher-abbruchverband.de\\\/en\\\/fachthemen\\\/baurecht-und-sonstige-rechtliche-fragen\\\/\",\"name\":\"Law - Deutscher Abbruchverband e.V.\",\"isPartOf\":{\"@id\":\"https:\\\/\\\/www.deutscher-abbruchverband.de\\\/#website\"},\"datePublished\":\"2016-11-14T13:24:32+00:00\",\"dateModified\":\"2020-11-20T15:29:41+00:00\",\"description\":\"Der DA setzt sich durch Mitarbeit in politisch relevanten Gremien daf\u00fcr ein, dass bei Gesetzes\u00e4nderungen Erfahrungen aus der Praxis ber\u00fccksichtigt werden.\",\"breadcrumb\":{\"@id\":\"https:\\\/\\\/www.deutscher-abbruchverband.de\\\/en\\\/fachthemen\\\/baurecht-und-sonstige-rechtliche-fragen\\\/#breadcrumb\"},\"inLanguage\":\"en-US\",\"potentialAction\":[{\"@type\":\"ReadAction\",\"target\":[\"https:\\\/\\\/www.deutscher-abbruchverband.de\\\/en\\\/fachthemen\\\/baurecht-und-sonstige-rechtliche-fragen\\\/\"]}]},{\"@type\":\"BreadcrumbList\",\"@id\":\"https:\\\/\\\/www.deutscher-abbruchverband.de\\\/en\\\/fachthemen\\\/baurecht-und-sonstige-rechtliche-fragen\\\/#breadcrumb\",\"itemListElement\":[{\"@type\":\"ListItem\",\"position\":1,\"name\":\"Home\",\"item\":\"https:\\\/\\\/www.deutscher-abbruchverband.de\\\/en\\\/\"},{\"@type\":\"ListItem\",\"position\":2,\"name\":\"Professional Subjects\",\"item\":\"https:\\\/\\\/www.deutscher-abbruchverband.de\\\/en\\\/fachthemen\\\/\"},{\"@type\":\"ListItem\",\"position\":3,\"name\":\"Law\"}]},{\"@type\":\"WebSite\",\"@id\":\"https:\\\/\\\/www.deutscher-abbruchverband.de\\\/#website\",\"url\":\"https:\\\/\\\/www.deutscher-abbruchverband.de\\\/\",\"name\":\"Deutscher Abbruchverband e.V.\",\"description\":\"Oberl\u00e4nder Ufer 180 - 182  50968 K\u00f6ln\",\"potentialAction\":[{\"@type\":\"SearchAction\",\"target\":{\"@type\":\"EntryPoint\",\"urlTemplate\":\"https:\\\/\\\/www.deutscher-abbruchverband.de\\\/?s={search_term_string}\"},\"query-input\":{\"@type\":\"PropertyValueSpecification\",\"valueRequired\":true,\"valueName\":\"search_term_string\"}}],\"inLanguage\":\"en-US\"}]}<\/script>\n<!-- \/ Yoast SEO plugin. -->","yoast_head_json":{"title":"Law - Deutscher Abbruchverband e.V.","description":"Der DA setzt sich durch Mitarbeit in politisch relevanten Gremien daf\u00fcr ein, dass bei Gesetzes\u00e4nderungen Erfahrungen aus der Praxis ber\u00fccksichtigt werden.","robots":{"index":"index","follow":"follow","max-snippet":"max-snippet:-1","max-image-preview":"max-image-preview:large","max-video-preview":"max-video-preview:-1"},"canonical":"https:\/\/www.deutscher-abbruchverband.de\/en\/fachthemen\/baurecht-und-sonstige-rechtliche-fragen\/","og_locale":"en_US","og_type":"article","og_title":"Law - Deutscher Abbruchverband e.V.","og_description":"Der DA setzt sich durch Mitarbeit in politisch relevanten Gremien daf\u00fcr ein, dass bei Gesetzes\u00e4nderungen Erfahrungen aus der Praxis ber\u00fccksichtigt werden.","og_url":"https:\/\/www.deutscher-abbruchverband.de\/en\/fachthemen\/baurecht-und-sonstige-rechtliche-fragen\/","og_site_name":"Deutscher Abbruchverband e.V.","article_publisher":"https:\/\/www.facebook.com\/pg\/Deutscher-Abbruchverband-eV-163906820357873\/about\/","article_modified_time":"2020-11-20T15:29:41+00:00","twitter_card":"summary_large_image","twitter_misc":{"Est. reading time":"1 minute"},"schema":{"@context":"https:\/\/schema.org","@graph":[{"@type":"WebPage","@id":"https:\/\/www.deutscher-abbruchverband.de\/en\/fachthemen\/baurecht-und-sonstige-rechtliche-fragen\/","url":"https:\/\/www.deutscher-abbruchverband.de\/en\/fachthemen\/baurecht-und-sonstige-rechtliche-fragen\/","name":"Law - Deutscher Abbruchverband e.V.","isPartOf":{"@id":"https:\/\/www.deutscher-abbruchverband.de\/#website"},"datePublished":"2016-11-14T13:24:32+00:00","dateModified":"2020-11-20T15:29:41+00:00","description":"Der DA setzt sich durch Mitarbeit in politisch relevanten Gremien daf\u00fcr ein, dass bei Gesetzes\u00e4nderungen Erfahrungen aus der Praxis ber\u00fccksichtigt werden.","breadcrumb":{"@id":"https:\/\/www.deutscher-abbruchverband.de\/en\/fachthemen\/baurecht-und-sonstige-rechtliche-fragen\/#breadcrumb"},"inLanguage":"en-US","potentialAction":[{"@type":"ReadAction","target":["https:\/\/www.deutscher-abbruchverband.de\/en\/fachthemen\/baurecht-und-sonstige-rechtliche-fragen\/"]}]},{"@type":"BreadcrumbList","@id":"https:\/\/www.deutscher-abbruchverband.de\/en\/fachthemen\/baurecht-und-sonstige-rechtliche-fragen\/#breadcrumb","itemListElement":[{"@type":"ListItem","position":1,"name":"Home","item":"https:\/\/www.deutscher-abbruchverband.de\/en\/"},{"@type":"ListItem","position":2,"name":"Professional Subjects","item":"https:\/\/www.deutscher-abbruchverband.de\/en\/fachthemen\/"},{"@type":"ListItem","position":3,"name":"Law"}]},{"@type":"WebSite","@id":"https:\/\/www.deutscher-abbruchverband.de\/#website","url":"https:\/\/www.deutscher-abbruchverband.de\/","name":"Deutscher Abbruchverband e.V.","description":"Oberl\u00e4nder Ufer 180 - 182  50968 K\u00f6ln","potentialAction":[{"@type":"SearchAction","target":{"@type":"EntryPoint","urlTemplate":"https:\/\/www.deutscher-abbruchverband.de\/?s={search_term_string}"},"query-input":{"@type":"PropertyValueSpecification","valueRequired":true,"valueName":"search_term_string"}}],"inLanguage":"en-US"}]}},"_links":{"self":[{"href":"https:\/\/www.deutscher-abbruchverband.de\/en\/wp-json\/wp\/v2\/pages\/29367","targetHints":{"allow":["GET"]}}],"collection":[{"href":"https:\/\/www.deutscher-abbruchverband.de\/en\/wp-json\/wp\/v2\/pages"}],"about":[{"href":"https:\/\/www.deutscher-abbruchverband.de\/en\/wp-json\/wp\/v2\/types\/page"}],"author":[{"embeddable":true,"href":"https:\/\/www.deutscher-abbruchverband.de\/en\/wp-json\/wp\/v2\/users\/1"}],"replies":[{"embeddable":true,"href":"https:\/\/www.deutscher-abbruchverband.de\/en\/wp-json\/wp\/v2\/comments?post=29367"}],"version-history":[{"count":1,"href":"https:\/\/www.deutscher-abbruchverband.de\/en\/wp-json\/wp\/v2\/pages\/29367\/revisions"}],"predecessor-version":[{"id":29370,"href":"https:\/\/www.deutscher-abbruchverband.de\/en\/wp-json\/wp\/v2\/pages\/29367\/revisions\/29370"}],"up":[{"embeddable":true,"href":"https:\/\/www.deutscher-abbruchverband.de\/en\/wp-json\/wp\/v2\/pages\/29328"}],"wp:attachment":[{"href":"https:\/\/www.deutscher-abbruchverband.de\/en\/wp-json\/wp\/v2\/media?parent=29367"}],"wp:term":[{"taxonomy":"post_tag","embeddable":true,"href":"https:\/\/www.deutscher-abbruchverband.de\/en\/wp-json\/wp\/v2\/tags?post=29367"}],"curies":[{"name":"wp","href":"https:\/\/api.w.org\/{rel}","templated":true}]}}