{"id":29399,"date":"2016-11-14T14:19:35","date_gmt":"2016-11-14T13:19:35","guid":{"rendered":"https:\/\/abbruch2020.indermache.de\/fachthemen\/sozialpolitik-tarifpolitik\/"},"modified":"2020-11-20T16:35:47","modified_gmt":"2020-11-20T15:35:47","slug":"sozialpolitik-tarifpolitik","status":"publish","type":"page","link":"https:\/\/www.deutscher-abbruchverband.de\/en\/fachthemen\/sozialpolitik-tarifpolitik\/","title":{"rendered":"Social policy and Collective agreement"},"content":{"rendered":"<p>With its own social and tariff policy, the German Demolition Association is also aware of the interests of its members.<\/p>\n<p>At all places, where the lawmaker gives leeway to the wage agreement parties of a sector, we make use of this to strengthen the competitive ability of our medium-sized businesses. Thus, for instance, possibilities for making the working hours flexible, even with work time account, or shortened notice periods during the probation period have been agreed upon contractually with the trade union IG Construction Agriculture Environment.<\/p>\n<p>We are working together with the responsible main customs office against wage dumping and illegal employment in the sector.<\/p>\n<p>Despite all critical comments on wage agreements, the wage agreement system of the German Demolition Association turns out to be beneficial to the member companies. By adhering to the wage agreements of the DA, the demolition companies get a freedom from the social funds procedure of construction industry and from the levy on winter construction projects.<\/p>\n<p>&nbsp;<\/p>\n<p>More information about the topic of social policy and collective agreement is given in our <a href=\"http:\/\/www.deutscher-abbruchverband.de\/da-intern\/fachthemen\/sozial-und-tarifpolitik\/\" target=\"_blank\" rel=\"noopener noreferrer\">member area<\/a>.<\/p>\n","protected":false},"excerpt":{"rendered":"<p>With its own social and tariff policy, the German Demolition Association is also aware of the interests of its members. At all places, where the lawmaker gives leeway to the wage agreement parties of a&#8230;<\/p>\n","protected":false},"author":1,"featured_media":0,"parent":29328,"menu_order":6,"comment_status":"closed","ping_status":"closed","template":"","meta":{"_acf_changed":false,"_bbp_topic_count":0,"_bbp_reply_count":0,"_bbp_total_topic_count":0,"_bbp_total_reply_count":0,"_bbp_voice_count":0,"_bbp_anonymous_reply_count":0,"_bbp_topic_count_hidden":0,"_bbp_reply_count_hidden":0,"_bbp_forum_subforum_count":0,"footnotes":""},"tags":[],"class_list":["post-29399","page","type-page","status-publish","hentry"],"acf":[],"yoast_head":"<!-- This site is optimized with the Yoast SEO plugin v27.3 - https:\/\/yoast.com\/product\/yoast-seo-wordpress\/ -->\n<title>Social policy and Collective agreement - Deutscher Abbruchverband e.V.<\/title>\n<meta name=\"description\" content=\"Wo der Gesetzgeber den Tarifvertragsparteien Gestaltungspielraum \u00fcberl\u00e4sst, nutzt der DA diesen, um die Wettbewerbsf\u00e4higkeit seiner Mitglieder zu st\u00e4rken.\" \/>\n<meta name=\"robots\" content=\"index, follow, max-snippet:-1, max-image-preview:large, max-video-preview:-1\" \/>\n<link rel=\"canonical\" href=\"https:\/\/www.deutscher-abbruchverband.de\/en\/fachthemen\/sozialpolitik-tarifpolitik\/\" \/>\n<meta property=\"og:locale\" content=\"en_US\" \/>\n<meta property=\"og:type\" content=\"article\" \/>\n<meta property=\"og:title\" content=\"Social policy and Collective agreement - Deutscher Abbruchverband e.V.\" \/>\n<meta property=\"og:description\" content=\"Wo der Gesetzgeber den Tarifvertragsparteien Gestaltungspielraum \u00fcberl\u00e4sst, nutzt der DA diesen, um die Wettbewerbsf\u00e4higkeit seiner Mitglieder zu st\u00e4rken.\" \/>\n<meta property=\"og:url\" content=\"https:\/\/www.deutscher-abbruchverband.de\/en\/fachthemen\/sozialpolitik-tarifpolitik\/\" \/>\n<meta property=\"og:site_name\" content=\"Deutscher Abbruchverband e.V.\" \/>\n<meta property=\"article:publisher\" content=\"https:\/\/www.facebook.com\/pg\/Deutscher-Abbruchverband-eV-163906820357873\/about\/\" \/>\n<meta property=\"article:modified_time\" content=\"2020-11-20T15:35:47+00:00\" \/>\n<meta name=\"twitter:card\" content=\"summary_large_image\" \/>\n<meta name=\"twitter:label1\" content=\"Est. reading time\" \/>\n\t<meta name=\"twitter:data1\" content=\"1 minute\" \/>\n<script type=\"application\/ld+json\" class=\"yoast-schema-graph\">{\"@context\":\"https:\\\/\\\/schema.org\",\"@graph\":[{\"@type\":\"WebPage\",\"@id\":\"https:\\\/\\\/www.deutscher-abbruchverband.de\\\/en\\\/fachthemen\\\/sozialpolitik-tarifpolitik\\\/\",\"url\":\"https:\\\/\\\/www.deutscher-abbruchverband.de\\\/en\\\/fachthemen\\\/sozialpolitik-tarifpolitik\\\/\",\"name\":\"Social policy and Collective agreement - Deutscher Abbruchverband e.V.\",\"isPartOf\":{\"@id\":\"https:\\\/\\\/www.deutscher-abbruchverband.de\\\/#website\"},\"datePublished\":\"2016-11-14T13:19:35+00:00\",\"dateModified\":\"2020-11-20T15:35:47+00:00\",\"description\":\"Wo der Gesetzgeber den Tarifvertragsparteien Gestaltungspielraum \u00fcberl\u00e4sst, nutzt der DA diesen, um die Wettbewerbsf\u00e4higkeit seiner Mitglieder zu st\u00e4rken.\",\"breadcrumb\":{\"@id\":\"https:\\\/\\\/www.deutscher-abbruchverband.de\\\/en\\\/fachthemen\\\/sozialpolitik-tarifpolitik\\\/#breadcrumb\"},\"inLanguage\":\"en-US\",\"potentialAction\":[{\"@type\":\"ReadAction\",\"target\":[\"https:\\\/\\\/www.deutscher-abbruchverband.de\\\/en\\\/fachthemen\\\/sozialpolitik-tarifpolitik\\\/\"]}]},{\"@type\":\"BreadcrumbList\",\"@id\":\"https:\\\/\\\/www.deutscher-abbruchverband.de\\\/en\\\/fachthemen\\\/sozialpolitik-tarifpolitik\\\/#breadcrumb\",\"itemListElement\":[{\"@type\":\"ListItem\",\"position\":1,\"name\":\"Home\",\"item\":\"https:\\\/\\\/www.deutscher-abbruchverband.de\\\/en\\\/\"},{\"@type\":\"ListItem\",\"position\":2,\"name\":\"Professional Subjects\",\"item\":\"https:\\\/\\\/www.deutscher-abbruchverband.de\\\/en\\\/fachthemen\\\/\"},{\"@type\":\"ListItem\",\"position\":3,\"name\":\"Social policy and Collective agreement\"}]},{\"@type\":\"WebSite\",\"@id\":\"https:\\\/\\\/www.deutscher-abbruchverband.de\\\/#website\",\"url\":\"https:\\\/\\\/www.deutscher-abbruchverband.de\\\/\",\"name\":\"Deutscher Abbruchverband e.V.\",\"description\":\"Oberl\u00e4nder Ufer 180 - 182  50968 K\u00f6ln\",\"potentialAction\":[{\"@type\":\"SearchAction\",\"target\":{\"@type\":\"EntryPoint\",\"urlTemplate\":\"https:\\\/\\\/www.deutscher-abbruchverband.de\\\/?s={search_term_string}\"},\"query-input\":{\"@type\":\"PropertyValueSpecification\",\"valueRequired\":true,\"valueName\":\"search_term_string\"}}],\"inLanguage\":\"en-US\"}]}<\/script>\n<!-- \/ Yoast SEO plugin. -->","yoast_head_json":{"title":"Social policy and Collective agreement - Deutscher Abbruchverband e.V.","description":"Wo der Gesetzgeber den Tarifvertragsparteien Gestaltungspielraum \u00fcberl\u00e4sst, nutzt der DA diesen, um die Wettbewerbsf\u00e4higkeit seiner Mitglieder zu st\u00e4rken.","robots":{"index":"index","follow":"follow","max-snippet":"max-snippet:-1","max-image-preview":"max-image-preview:large","max-video-preview":"max-video-preview:-1"},"canonical":"https:\/\/www.deutscher-abbruchverband.de\/en\/fachthemen\/sozialpolitik-tarifpolitik\/","og_locale":"en_US","og_type":"article","og_title":"Social policy and Collective agreement - Deutscher Abbruchverband e.V.","og_description":"Wo der Gesetzgeber den Tarifvertragsparteien Gestaltungspielraum \u00fcberl\u00e4sst, nutzt der DA diesen, um die Wettbewerbsf\u00e4higkeit seiner Mitglieder zu st\u00e4rken.","og_url":"https:\/\/www.deutscher-abbruchverband.de\/en\/fachthemen\/sozialpolitik-tarifpolitik\/","og_site_name":"Deutscher Abbruchverband e.V.","article_publisher":"https:\/\/www.facebook.com\/pg\/Deutscher-Abbruchverband-eV-163906820357873\/about\/","article_modified_time":"2020-11-20T15:35:47+00:00","twitter_card":"summary_large_image","twitter_misc":{"Est. reading time":"1 minute"},"schema":{"@context":"https:\/\/schema.org","@graph":[{"@type":"WebPage","@id":"https:\/\/www.deutscher-abbruchverband.de\/en\/fachthemen\/sozialpolitik-tarifpolitik\/","url":"https:\/\/www.deutscher-abbruchverband.de\/en\/fachthemen\/sozialpolitik-tarifpolitik\/","name":"Social policy and Collective agreement - Deutscher Abbruchverband e.V.","isPartOf":{"@id":"https:\/\/www.deutscher-abbruchverband.de\/#website"},"datePublished":"2016-11-14T13:19:35+00:00","dateModified":"2020-11-20T15:35:47+00:00","description":"Wo der Gesetzgeber den Tarifvertragsparteien Gestaltungspielraum \u00fcberl\u00e4sst, nutzt der DA diesen, um die Wettbewerbsf\u00e4higkeit seiner Mitglieder zu st\u00e4rken.","breadcrumb":{"@id":"https:\/\/www.deutscher-abbruchverband.de\/en\/fachthemen\/sozialpolitik-tarifpolitik\/#breadcrumb"},"inLanguage":"en-US","potentialAction":[{"@type":"ReadAction","target":["https:\/\/www.deutscher-abbruchverband.de\/en\/fachthemen\/sozialpolitik-tarifpolitik\/"]}]},{"@type":"BreadcrumbList","@id":"https:\/\/www.deutscher-abbruchverband.de\/en\/fachthemen\/sozialpolitik-tarifpolitik\/#breadcrumb","itemListElement":[{"@type":"ListItem","position":1,"name":"Home","item":"https:\/\/www.deutscher-abbruchverband.de\/en\/"},{"@type":"ListItem","position":2,"name":"Professional Subjects","item":"https:\/\/www.deutscher-abbruchverband.de\/en\/fachthemen\/"},{"@type":"ListItem","position":3,"name":"Social policy and Collective agreement"}]},{"@type":"WebSite","@id":"https:\/\/www.deutscher-abbruchverband.de\/#website","url":"https:\/\/www.deutscher-abbruchverband.de\/","name":"Deutscher Abbruchverband e.V.","description":"Oberl\u00e4nder Ufer 180 - 182  50968 K\u00f6ln","potentialAction":[{"@type":"SearchAction","target":{"@type":"EntryPoint","urlTemplate":"https:\/\/www.deutscher-abbruchverband.de\/?s={search_term_string}"},"query-input":{"@type":"PropertyValueSpecification","valueRequired":true,"valueName":"search_term_string"}}],"inLanguage":"en-US"}]}},"_links":{"self":[{"href":"https:\/\/www.deutscher-abbruchverband.de\/en\/wp-json\/wp\/v2\/pages\/29399","targetHints":{"allow":["GET"]}}],"collection":[{"href":"https:\/\/www.deutscher-abbruchverband.de\/en\/wp-json\/wp\/v2\/pages"}],"about":[{"href":"https:\/\/www.deutscher-abbruchverband.de\/en\/wp-json\/wp\/v2\/types\/page"}],"author":[{"embeddable":true,"href":"https:\/\/www.deutscher-abbruchverband.de\/en\/wp-json\/wp\/v2\/users\/1"}],"replies":[{"embeddable":true,"href":"https:\/\/www.deutscher-abbruchverband.de\/en\/wp-json\/wp\/v2\/comments?post=29399"}],"version-history":[{"count":1,"href":"https:\/\/www.deutscher-abbruchverband.de\/en\/wp-json\/wp\/v2\/pages\/29399\/revisions"}],"predecessor-version":[{"id":29403,"href":"https:\/\/www.deutscher-abbruchverband.de\/en\/wp-json\/wp\/v2\/pages\/29399\/revisions\/29403"}],"up":[{"embeddable":true,"href":"https:\/\/www.deutscher-abbruchverband.de\/en\/wp-json\/wp\/v2\/pages\/29328"}],"wp:attachment":[{"href":"https:\/\/www.deutscher-abbruchverband.de\/en\/wp-json\/wp\/v2\/media?parent=29399"}],"wp:term":[{"taxonomy":"post_tag","embeddable":true,"href":"https:\/\/www.deutscher-abbruchverband.de\/en\/wp-json\/wp\/v2\/tags?post=29399"}],"curies":[{"name":"wp","href":"https:\/\/api.w.org\/{rel}","templated":true}]}}